{"id":83,"date":"2017-02-22T16:43:42","date_gmt":"2017-02-22T16:43:42","guid":{"rendered":"http:\/\/haarmode-luckow.de\/?page_id=83"},"modified":"2021-02-08T16:51:30","modified_gmt":"2021-02-08T16:51:30","slug":"ueber-uns","status":"publish","type":"page","link":"http:\/\/haarmode-luckow.de\/?page_id=83","title":{"rendered":"\u00dcber uns"},"content":{"rendered":"<p><strong><em>Ihr Haar und Ihre Haut in guten H\u00e4nden<\/em><\/strong><\/p>\n<p>Seit \u00fcber 21\u00a0 Jahren begeistern wir unsere Kunden.<\/p>\n<p>H\u00f6chste Friseur -Handwerkerkunst, kombiniert mit Nat\u00fcrlichkeit machen den besonderen Charme des Gesch\u00e4fts aus.<\/p>\n<p>Inhaberin Anett H\u00fclsmann, ist Betriebswirtin und Friseurmeisterin. Dies pr\u00e4gt nat\u00fcrlich den hohen Qalit\u00e4tsanspruch des Gesch\u00e4fts sowie der Mitarbeiter.<\/p>\n<p>Unsere Haare und unsere Haut sind ein Ausdruck der Seele, sie wollen gepflegt\u00a0 und verw\u00f6hnt werden.<\/p>\n<p>Daf\u00fcr nehmen wir uns die Zeit. Sie brauchen sich nur zur\u00fcck lehnen und es genie\u00dfen.<\/p>\n<p>Wir freuen uns auf Ihren Besuch.<\/p>\n<p>Ihre Anett H\u00fclsmann und Team<\/p>\n","protected":false},"excerpt":{"rendered":"<p>Ihr Haar und Ihre Haut in guten H\u00e4nden Seit \u00fcber 21\u00a0 Jahren begeistern wir unsere Kunden. H\u00f6chste Friseur -Handwerkerkunst, kombiniert mit Nat\u00fcrlichkeit machen den besonderen Charme des Gesch\u00e4fts aus. Inhaberin Anett H\u00fclsmann, ist Betriebswirtin und Friseurmeisterin. Dies pr\u00e4gt nat\u00fcrlich den hohen Qalit\u00e4tsanspruch des Gesch\u00e4fts sowie der Mitarbeiter. Unsere Haare und unsere Haut sind ein Ausdruck &hellip; <a href=\"http:\/\/haarmode-luckow.de\/?page_id=83\" class=\"more-link\"><span class=\"screen-reader-text\">\u00dcber uns<\/span> weiterlesen <span class=\"meta-nav\">&rarr;<\/span><\/a><\/p>\n","protected":false},"author":1,"featured_media":0,"parent":0,"menu_order":0,"comment_status":"closed","ping_status":"closed","template":"","meta":{"footnotes":""},"class_list":["post-83","page","type-page","status-publish","hentry"],"_links":{"self":[{"href":"http:\/\/haarmode-luckow.de\/index.php?rest_route=\/wp\/v2\/pages\/83","targetHints":{"allow":["GET"]}}],"collection":[{"href":"http:\/\/haarmode-luckow.de\/index.php?rest_route=\/wp\/v2\/pages"}],"about":[{"href":"http:\/\/haarmode-luckow.de\/index.php?rest_route=\/wp\/v2\/types\/page"}],"author":[{"embeddable":true,"href":"http:\/\/haarmode-luckow.de\/index.php?rest_route=\/wp\/v2\/users\/1"}],"replies":[{"embeddable":true,"href":"http:\/\/haarmode-luckow.de\/index.php?rest_route=%2Fwp%2Fv2%2Fcomments&post=83"}],"version-history":[{"count":2,"href":"http:\/\/haarmode-luckow.de\/index.php?rest_route=\/wp\/v2\/pages\/83\/revisions"}],"predecessor-version":[{"id":174,"href":"http:\/\/haarmode-luckow.de\/index.php?rest_route=\/wp\/v2\/pages\/83\/revisions\/174"}],"wp:attachment":[{"href":"http:\/\/haarmode-luckow.de\/index.php?rest_route=%2Fwp%2Fv2%2Fmedia&parent=83"}],"curies":[{"name":"wp","href":"https:\/\/api.w.org\/{rel}","templated":true}]}}